{"id":161,"date":"2024-10-03T11:31:53","date_gmt":"2024-10-03T14:31:53","guid":{"rendered":"https:\/\/hepro9.iar.unlp.edu.ar\/?page_id=161"},"modified":"2025-06-23T11:46:55","modified_gmt":"2025-06-23T14:46:55","slug":"venue","status":"publish","type":"page","link":"https:\/\/hepro9.iar.unlp.edu.ar\/index.php\/venue\/","title":{"rendered":"Venue"},"content":{"rendered":"\n<div class=\"wp-block-group alignfull is-layout-constrained wp-block-group-is-layout-constrained\"><div class=\"wp-block-group__inner-container\">\n<div class=\"wp-block-cover alignwide\" style=\"padding-top:0;padding-right:var(--wp--preset--spacing--80);padding-bottom:0;padding-left:var(--wp--preset--spacing--80);min-height:400px\"><span aria-hidden=\"true\" class=\"wp-block-cover__background has-background-dim-0 has-background-dim\"><\/span><img decoding=\"async\" loading=\"lazy\" width=\"2560\" height=\"1105\" class=\"wp-block-cover__image-background wp-image-299\" alt=\"\" src=\"http:\/\/hepro9.iar.unlp.edu.ar\/wp-content\/uploads\/2024\/10\/IMG_20240522_165332107_HDR-scaled-e1729089969942.jpg\" data-object-fit=\"cover\" srcset=\"https:\/\/hepro9.iar.unlp.edu.ar\/wp-content\/uploads\/2024\/10\/IMG_20240522_165332107_HDR-scaled-e1729089969942.jpg 2560w, https:\/\/hepro9.iar.unlp.edu.ar\/wp-content\/uploads\/2024\/10\/IMG_20240522_165332107_HDR-scaled-e1729089969942-300x129.jpg 300w, https:\/\/hepro9.iar.unlp.edu.ar\/wp-content\/uploads\/2024\/10\/IMG_20240522_165332107_HDR-scaled-e1729089969942-1024x442.jpg 1024w, https:\/\/hepro9.iar.unlp.edu.ar\/wp-content\/uploads\/2024\/10\/IMG_20240522_165332107_HDR-scaled-e1729089969942-768x332.jpg 768w, https:\/\/hepro9.iar.unlp.edu.ar\/wp-content\/uploads\/2024\/10\/IMG_20240522_165332107_HDR-scaled-e1729089969942-1536x663.jpg 1536w, https:\/\/hepro9.iar.unlp.edu.ar\/wp-content\/uploads\/2024\/10\/IMG_20240522_165332107_HDR-scaled-e1729089969942-2048x884.jpg 2048w, https:\/\/hepro9.iar.unlp.edu.ar\/wp-content\/uploads\/2024\/10\/IMG_20240522_165332107_HDR-scaled-e1729089969942-1568x677.jpg 1568w\" sizes=\"(max-width: 2560px) 100vw, 2560px\" \/><div class=\"wp-block-cover__inner-container is-layout-flow wp-block-cover-is-layout-flow\">\n<p class=\"has-text-align-center has-large-font-size\"><\/p>\n<\/div><\/div>\n<\/div><\/div>\n\n\n<div class=\"wp-block-image\">\n<figure class=\"alignleft size-full is-resized\"><img decoding=\"async\" loading=\"lazy\" src=\"http:\/\/hepro9.iar.unlp.edu.ar\/wp-content\/uploads\/2024\/10\/address-1.png\" alt=\"\" class=\"wp-image-272\" style=\"width:85px;height:85px\" width=\"85\" height=\"85\" srcset=\"https:\/\/hepro9.iar.unlp.edu.ar\/wp-content\/uploads\/2024\/10\/address-1.png 225w, https:\/\/hepro9.iar.unlp.edu.ar\/wp-content\/uploads\/2024\/10\/address-1-150x150.png 150w\" sizes=\"(max-width: 85px) 100vw, 85px\" \/><\/figure><\/div>\n\n\n<div style=\"height:21px\" aria-hidden=\"true\" class=\"wp-block-spacer\"><\/div>\n\n\n\n<h3 class=\"wp-block-heading\">&#8220;<a href=\"https:\/\/maps.app.goo.gl\/h6jhgXD9udsqhdQx6\" data-type=\"link\" data-id=\"https:\/\/maps.app.goo.gl\/h6jhgXD9udsqhdQx6\">Casa de Rui Barbosa<\/a>&#8221; in Botafogo, Rio de Janeiro, Brazil<\/h3>\n\n\n\n<p class=\"has-text-align-center has-red-background-color has-background has-large-font-size\"><a href=\"https:\/\/maps.app.goo.gl\/h6jhgXD9udsqhdQx6\" data-type=\"link\" data-id=\"https:\/\/maps.app.goo.gl\/h6jhgXD9udsqhdQx6\"><strong>See the location on Google Maps<\/strong><\/a><\/p>\n\n\n<div class=\"wp-block-image\">\n<figure class=\"aligncenter size-large\"><a href=\"https:\/\/hepro9.iar.unlp.edu.ar\/wp-content\/uploads\/2024\/10\/Casa_de_Rui_Barbosa-scaled.jpg\"><img decoding=\"async\" loading=\"lazy\" width=\"1024\" height=\"768\" src=\"https:\/\/hepro9.iar.unlp.edu.ar\/wp-content\/uploads\/2024\/10\/Casa_de_Rui_Barbosa-1024x768.jpg\" alt=\"Casa de Rui Barbosa\" class=\"wp-image-194\" srcset=\"https:\/\/hepro9.iar.unlp.edu.ar\/wp-content\/uploads\/2024\/10\/Casa_de_Rui_Barbosa-1024x768.jpg 1024w, https:\/\/hepro9.iar.unlp.edu.ar\/wp-content\/uploads\/2024\/10\/Casa_de_Rui_Barbosa-300x225.jpg 300w, https:\/\/hepro9.iar.unlp.edu.ar\/wp-content\/uploads\/2024\/10\/Casa_de_Rui_Barbosa-768x576.jpg 768w, https:\/\/hepro9.iar.unlp.edu.ar\/wp-content\/uploads\/2024\/10\/Casa_de_Rui_Barbosa-1536x1152.jpg 1536w, https:\/\/hepro9.iar.unlp.edu.ar\/wp-content\/uploads\/2024\/10\/Casa_de_Rui_Barbosa-2048x1536.jpg 2048w, https:\/\/hepro9.iar.unlp.edu.ar\/wp-content\/uploads\/2024\/10\/Casa_de_Rui_Barbosa-1568x1176.jpg 1568w\" sizes=\"(max-width: 1024px) 100vw, 1024px\" \/><\/a><\/figure><\/div>\n\n\n<div style=\"height:19px\" aria-hidden=\"true\" class=\"wp-block-spacer\"><\/div>\n\n\n\n<p>The &#8220;<a href=\"https:\/\/maps.app.goo.gl\/h6jhgXD9udsqhdQx6\" data-type=\"link\" data-id=\"https:\/\/maps.app.goo.gl\/h6jhgXD9udsqhdQx6\">Casa de Rui Barbosa<\/a>&#8221; is located in the neighborhood of Botafogo, with plenty of options for accommodation nearby, or in Copacabana or Ipanema, as there is a metro that connects quite easily from these places.<\/p>\n\n\n\n<figure class=\"wp-block-gallery aligncenter has-nested-images columns-default is-cropped wp-block-gallery-3 is-layout-flex wp-block-gallery-is-layout-flex\">\n<figure class=\"wp-block-image size-large\"><img decoding=\"async\" loading=\"lazy\" width=\"259\" height=\"194\" data-id=\"197\" src=\"https:\/\/hepro9.iar.unlp.edu.ar\/wp-content\/uploads\/2024\/10\/auditorium.jpeg\" alt=\"\" class=\"wp-image-197\"\/><\/figure>\n\n\n\n<figure class=\"wp-block-image size-large\"><img decoding=\"async\" loading=\"lazy\" width=\"679\" height=\"452\" data-id=\"198\" src=\"https:\/\/hepro9.iar.unlp.edu.ar\/wp-content\/uploads\/2024\/10\/casa2.jpeg\" alt=\"\" class=\"wp-image-198\" srcset=\"https:\/\/hepro9.iar.unlp.edu.ar\/wp-content\/uploads\/2024\/10\/casa2.jpeg 679w, https:\/\/hepro9.iar.unlp.edu.ar\/wp-content\/uploads\/2024\/10\/casa2-300x200.jpeg 300w\" sizes=\"(max-width: 679px) 100vw, 679px\" \/><\/figure>\n<\/figure>\n\n\n\n<h2 class=\"wp-block-heading\">Local Information<\/h2>\n\n\n\n<p>The upcoming HEPRO will take place at the&nbsp;<strong>Casa de Rui Barbosa Foundation<\/strong>, located in the charming Botafogo neighborhood.&nbsp;<\/p>\n\n\n\n<p>Below you\u2019ll find some useful information to help you plan your stay.<\/p>\n\n\n\n<h3 class=\"wp-block-heading\">Where to Stay<\/h3>\n\n\n\n<p>Botafogo and its surrounding neighborhoods (Copacabana, Flamengo, and Laranjeiras) offer a variety of accommodation options. Some recommended hotels include:<\/p>\n\n\n\n<p><strong>Hotel Yoo2 Rio de Janeiro<\/strong><br>Boutique hotel with views of Sugarloaf Mountain, located on Botafogo Beach.<br><strong>Address:<\/strong>&nbsp;Praia de Botafogo, 242 \u2013 Botafogo, Rio de Janeiro \u2013 RJ<br><strong>Phone:<\/strong>&nbsp;(21) 3445-2000<br><strong>Website:&nbsp;<\/strong><a href=\"https:\/\/yoo2.com\/\" target=\"_blank\" rel=\"noreferrer noopener\">https:\/\/yoo2.com\/<\/a>&nbsp;<\/p>\n\n\n\n<hr class=\"wp-block-separator has-alpha-channel-opacity\"\/>\n\n\n\n<p><strong>Ibis Rio de Janeiro Botafogo<\/strong><br>Modern and budget-friendly accommodation in a central location.<br><strong>Address:<\/strong>&nbsp;Rua Paulino Fernandes, 39 \u2013 Botafogo, Rio de Janeiro \u2013 RJ<br><strong>Phone:<\/strong>&nbsp;(21) 3515-2999<br><strong>Website:<\/strong>&nbsp;<a href=\"https:\/\/all.accor.com\/hotel\/7547\/index.en.shtml\" target=\"_blank\" rel=\"noreferrer noopener\">https:\/\/all.accor.com\/hotel\/7547\/index.en.shtml<\/a>&nbsp;<\/p>\n\n\n\n<hr class=\"wp-block-separator has-alpha-channel-opacity\"\/>\n\n\n\n<p><strong>Novotel RJ Botafogo<\/strong><br>A modern and comfortable option within walking distance from the venue.<br><strong>Address:<\/strong>&nbsp;Praia de Botafogo, 330 \u2013 Botafogo, Rio de Janeiro \u2013 RJ<br><strong>Phone:<\/strong>&nbsp;(21) 2187-9999<br><strong>Website:&nbsp;<\/strong><a href=\"https:\/\/all.accor.com\/hotel\/9631\/index.pt.shtml\" target=\"_blank\" rel=\"noreferrer noopener\">https:\/\/all.accor.com\/hotel\/9631\/index.pt.shtml<\/a>&nbsp;<\/p>\n\n\n\n<hr class=\"wp-block-separator has-alpha-channel-opacity\"\/>\n\n\n\n<p><strong>Ibis Styles Rio de Janeiro Botafogo<\/strong><br>Affordable and conveniently located hotel with creative design.<br><strong>Address:<\/strong>&nbsp;Rua S\u00e3o Clemente, 30 \u2013 Botafogo, Rio de Janeiro \u2013 RJ<br><strong>Phone:<\/strong>&nbsp;(21) 3166-9240<br><strong>Website:<\/strong>&nbsp;<a href=\"https:\/\/ibis-styles-rj-botafogo.riodejaneiro-hotels.net\/en\/\" target=\"_blank\" rel=\"noreferrer noopener\">https:\/\/ibis-styles-rj-botafogo.riodejaneiro-hotels.net\/en\/<\/a><\/p>\n\n\n\n<h3 class=\"wp-block-heading\">How to Get to Casa de Rui Barbosa<\/h3>\n\n\n\n<p>The&nbsp;<strong>Casa de Rui Barbosa Foundation<\/strong>&nbsp;is located at:<br><strong>Rua S\u00e3o Clemente, 134 \u2013 Botafogo, Rio de Janeiro, RJ<\/strong><\/p>\n\n\n\n<ul>\n<li><strong>From the Airport:<\/strong>\n<ul>\n<li><em>Gale\u00e3o International Airport (GIG)<\/em>: Approximately 45\u201360 minutes by taxi or &nbsp;Uber. Airport shuttle services are also available.<\/li>\n\n\n\n<li><em>Santos Dumont Airport (SDU)<\/em>: Closer to the city center, about 20\u201330 minutes by taxi or app.<\/li>\n<\/ul>\n<\/li>\n\n\n\n<li><strong>By Metro:<\/strong>\n<ul>\n<li>Take Line 1 (Orange Line) to&nbsp;<strong>Botafogo Station<\/strong>, which is a 5\u201310 minute walk to the venue.<\/li>\n<\/ul>\n<\/li>\n<\/ul>\n\n\n\n<h3 class=\"wp-block-heading\">Nearby Restaurants<\/h3>\n\n\n\n<p>Botafogo is a vibrant neighborhood known for its culinary scene. For lunchtime options, Nelson Mandela Square offers a range of restaurant options within a 5-10 minute walk from the venue.<\/p>\n\n\n\n<p>There are also many bakeries and coffee shops within walking distance.<\/p>\n\n\n\n<h3 class=\"wp-block-heading\">Things to Do<\/h3>\n\n\n\n<p>Take some time to explore the city\u2019s rich history, culture, and natural beauty:<\/p>\n\n\n\n<ul>\n<li><strong>Sugarloaf Mountain (P\u00e3o de A\u00e7\u00facar)<\/strong>&nbsp;\u2013 Cable car ride with panoramic views, few minutes away from Botafogo.<\/li>\n\n\n\n<li><strong>Copacabana and Ipanema Beaches<\/strong>&nbsp;\u2013 Rio\u2019s most famous coastline area.<\/li>\n\n\n\n<li><strong>Christ the Redeemer (Cristo Redentor)<\/strong>&nbsp;\u2013 One of the New Seven Wonders of the World, accessible via train or van.<\/li>\n\n\n\n<li><strong>Museu do Amanh\u00e3 (Museum of Tomorrow)<\/strong>&nbsp;\u2013 A science and technology museum located in the revitalized port area.<\/li>\n\n\n\n<li><strong>Botanical Garden (Jardim Bot\u00e2nico)<\/strong>&nbsp;\u2013 A peaceful retreat showcasing Brazil\u2019s flora.<\/li>\n<\/ul>\n\n\n\n<p>The&nbsp;<strong>Casa de Rui Barbosa Museum<\/strong>, located within the conference venue itself, offers an interesting&nbsp;literature and history visit.<\/p>\n","protected":false},"excerpt":{"rendered":"<p>&#8220;Casa de Rui Barbosa&#8221; in Botafogo, Rio de Janeiro, Brazil See the location on Google Maps The &#8220;Casa de Rui Barbosa&#8221; is located in the neighborhood of Botafogo, with plenty of options for accommodation nearby, or in Copacabana or Ipanema, as there is a metro that connects quite easily from these places. Local Information The&hellip; <a class=\"more-link\" href=\"https:\/\/hepro9.iar.unlp.edu.ar\/index.php\/venue\/\">Segu\u00ed leyendo <span class=\"screen-reader-text\">Venue<\/span><\/a><\/p>\n","protected":false},"author":2,"featured_media":0,"parent":0,"menu_order":0,"comment_status":"closed","ping_status":"closed","template":"","meta":{"footnotes":""},"_links":{"self":[{"href":"https:\/\/hepro9.iar.unlp.edu.ar\/index.php\/wp-json\/wp\/v2\/pages\/161"}],"collection":[{"href":"https:\/\/hepro9.iar.unlp.edu.ar\/index.php\/wp-json\/wp\/v2\/pages"}],"about":[{"href":"https:\/\/hepro9.iar.unlp.edu.ar\/index.php\/wp-json\/wp\/v2\/types\/page"}],"author":[{"embeddable":true,"href":"https:\/\/hepro9.iar.unlp.edu.ar\/index.php\/wp-json\/wp\/v2\/users\/2"}],"replies":[{"embeddable":true,"href":"https:\/\/hepro9.iar.unlp.edu.ar\/index.php\/wp-json\/wp\/v2\/comments?post=161"}],"version-history":[{"count":34,"href":"https:\/\/hepro9.iar.unlp.edu.ar\/index.php\/wp-json\/wp\/v2\/pages\/161\/revisions"}],"predecessor-version":[{"id":662,"href":"https:\/\/hepro9.iar.unlp.edu.ar\/index.php\/wp-json\/wp\/v2\/pages\/161\/revisions\/662"}],"wp:attachment":[{"href":"https:\/\/hepro9.iar.unlp.edu.ar\/index.php\/wp-json\/wp\/v2\/media?parent=161"}],"curies":[{"name":"wp","href":"https:\/\/api.w.org\/{rel}","templated":true}]}}