{"id":165,"date":"2024-10-03T11:31:56","date_gmt":"2024-10-03T14:31:56","guid":{"rendered":"https:\/\/hepro9.iar.unlp.edu.ar\/?page_id=165"},"modified":"2025-07-04T09:55:17","modified_gmt":"2025-07-04T12:55:17","slug":"registration","status":"publish","type":"page","link":"https:\/\/hepro9.iar.unlp.edu.ar\/index.php\/registration\/","title":{"rendered":"Registration and abstract submission"},"content":{"rendered":"\n<div class=\"wp-block-group alignfull is-layout-constrained wp-block-group-is-layout-constrained\"><div class=\"wp-block-group__inner-container\">\n<div class=\"wp-block-cover alignwide is-light\" style=\"min-height:400px\"><span aria-hidden=\"true\" class=\"wp-block-cover__background has-background-dim-0 has-background-dim\"><\/span><img decoding=\"async\" loading=\"lazy\" width=\"1920\" height=\"2560\" class=\"wp-block-cover__image-background wp-image-311\" alt=\"\" src=\"http:\/\/hepro9.iar.unlp.edu.ar\/wp-content\/uploads\/2024\/10\/IMG_20240528_134205861_HDR-scaled.jpg\" data-object-fit=\"cover\" srcset=\"https:\/\/hepro9.iar.unlp.edu.ar\/wp-content\/uploads\/2024\/10\/IMG_20240528_134205861_HDR-scaled.jpg 1920w, https:\/\/hepro9.iar.unlp.edu.ar\/wp-content\/uploads\/2024\/10\/IMG_20240528_134205861_HDR-225x300.jpg 225w, https:\/\/hepro9.iar.unlp.edu.ar\/wp-content\/uploads\/2024\/10\/IMG_20240528_134205861_HDR-768x1024.jpg 768w, https:\/\/hepro9.iar.unlp.edu.ar\/wp-content\/uploads\/2024\/10\/IMG_20240528_134205861_HDR-1152x1536.jpg 1152w, https:\/\/hepro9.iar.unlp.edu.ar\/wp-content\/uploads\/2024\/10\/IMG_20240528_134205861_HDR-1536x2048.jpg 1536w, https:\/\/hepro9.iar.unlp.edu.ar\/wp-content\/uploads\/2024\/10\/IMG_20240528_134205861_HDR-1568x2091.jpg 1568w\" sizes=\"(max-width: 1920px) 100vw, 1920px\" \/><div class=\"wp-block-cover__inner-container is-layout-flow wp-block-cover-is-layout-flow\">\n<p class=\"has-text-align-center has-large-font-size\"><\/p>\n<\/div><\/div>\n<\/div><\/div>\n\n\n<div class=\"wp-block-image\">\n<figure class=\"alignleft size-full is-resized\"><img decoding=\"async\" loading=\"lazy\" src=\"https:\/\/hepro9.iar.unlp.edu.ar\/wp-content\/uploads\/2024\/10\/registration-1.png\" alt=\"\" class=\"wp-image-281\" style=\"width:111px;height:111px\" width=\"111\" height=\"111\" srcset=\"https:\/\/hepro9.iar.unlp.edu.ar\/wp-content\/uploads\/2024\/10\/registration-1.png 512w, https:\/\/hepro9.iar.unlp.edu.ar\/wp-content\/uploads\/2024\/10\/registration-1-300x300.png 300w, https:\/\/hepro9.iar.unlp.edu.ar\/wp-content\/uploads\/2024\/10\/registration-1-150x150.png 150w\" sizes=\"(max-width: 111px) 100vw, 111px\" \/><\/figure><\/div>\n\n\n<div style=\"height:38px\" aria-hidden=\"true\" class=\"wp-block-spacer\"><\/div>\n\n\n\n<p class=\"has-text-align-left has-background\" style=\"background-color:#e3b596;font-size:28px\"><strong><a href=\"https:\/\/forms.gle\/EwSc3R92bsSMDjbe6\" data-type=\"link\" data-id=\"https:\/\/forms.gle\/EwSc3R92bsSMDjbe6\">Registration form<\/a><\/strong><\/p>\n\n\n\n<p class=\"has-red-background-color has-background\" style=\"font-size:28px\"><strong><strong>Early registration has been extended to Friday, June 27<\/strong><\/strong><\/p>\n\n\n\n<p class=\"has-red-background-color has-background\" style=\"font-size:28px\"><strong>Abstract submission closed<\/strong><\/p>\n\n\n\n<p style=\"padding-top:0;padding-right:0;padding-bottom:0;padding-left:0;font-size:28px\"><strong><span style=\"text-decoration: underline;\">Fees<\/span><\/strong><\/p>\n\n\n\n<p class=\"has-large-font-size\" style=\"padding-top:0;padding-right:0;padding-bottom:0;padding-left:0\"><strong>Student fee:<\/strong> USD 250<\/p>\n\n\n\n<p class=\"has-large-font-size\" style=\"padding-top:0;padding-right:0;padding-bottom:0;padding-left:0\"><strong>Regular fee: <\/strong>USD 300<\/p>\n\n\n\n<p style=\"font-size:23px\"><strong>Conference dinner:<\/strong> USD 50<\/p>\n\n\n\n<p style=\"font-size:24px\"><a href=\"https:\/\/mesonpiold.cbpf.br\/hepro\" data-type=\"link\" data-id=\"https:\/\/mesonpiold.cbpf.br\/hepro\"><strong>Payment of the registration and\/or conference dinner<\/strong><\/a><\/p>\n\n\n\n<p class=\"has-large-font-size\">PARA PARTICIPANTES BRASILEIROS<br>(FOR BRAZILIAN ATTENDEES)<\/p>\n\n\n\n<p><strong>Regular Fee:<\/strong> 1800 BRL (ap\u00f3s 27 de Junho)<br><strong>Student Fee:<\/strong> 1500 BRL<br><strong>Dinner Fee<\/strong>: 300 BRL<\/p>\n\n\n\n<p>Os pagamentos devem ser feitos por transfer\u00eancia banc\u00e1ria para a conta do evento.<br>Banco do Brasil \u2013 Ag\u00eancia 2234-9 Conta: 32.261-X<br>em nome da FACC &#8211; CNPJ N. 06.220.430\/0001-03<\/p>\n\n\n\n<p>Importante: Caso o pagamento seja feito por PIX, favor usar como chave os dados da conta (ag\u00eancia e conta), e n\u00e3o o CNPJ da empresa.<\/p>\n\n\n\n<p>O comprovante de transfer\u00eancia, indicando o nome do participante a quem o pagamento se refere, deve ser enviado por email para&nbsp;<a href=\"mailto:camila.franca@facc10.org.br\" target=\"_blank\" rel=\"noreferrer noopener\">camila.franca@facc10.org.br<\/a><\/p>\n\n\n\n<p>A Nota Fiscal referente ao pagamento ser\u00e1 encaminhada para o e-mail que consta na inscri\u00e7\u00e3o do participante.<\/p>\n","protected":false},"excerpt":{"rendered":"<p>Registration form Early registration has been extended to Friday, June 27 Abstract submission closed Fees Student fee: USD 250 Regular fee: USD 300 Conference dinner: USD 50 Payment of the registration and\/or conference dinner PARA PARTICIPANTES BRASILEIROS(FOR BRAZILIAN ATTENDEES) Regular Fee: 1800 BRL (ap\u00f3s 27 de Junho)Student Fee: 1500 BRLDinner Fee: 300 BRL Os pagamentos&hellip; <a class=\"more-link\" href=\"https:\/\/hepro9.iar.unlp.edu.ar\/index.php\/registration\/\">Segu\u00ed leyendo <span class=\"screen-reader-text\">Registration and abstract submission<\/span><\/a><\/p>\n","protected":false},"author":2,"featured_media":0,"parent":0,"menu_order":0,"comment_status":"closed","ping_status":"closed","template":"","meta":{"footnotes":""},"_links":{"self":[{"href":"https:\/\/hepro9.iar.unlp.edu.ar\/index.php\/wp-json\/wp\/v2\/pages\/165"}],"collection":[{"href":"https:\/\/hepro9.iar.unlp.edu.ar\/index.php\/wp-json\/wp\/v2\/pages"}],"about":[{"href":"https:\/\/hepro9.iar.unlp.edu.ar\/index.php\/wp-json\/wp\/v2\/types\/page"}],"author":[{"embeddable":true,"href":"https:\/\/hepro9.iar.unlp.edu.ar\/index.php\/wp-json\/wp\/v2\/users\/2"}],"replies":[{"embeddable":true,"href":"https:\/\/hepro9.iar.unlp.edu.ar\/index.php\/wp-json\/wp\/v2\/comments?post=165"}],"version-history":[{"count":35,"href":"https:\/\/hepro9.iar.unlp.edu.ar\/index.php\/wp-json\/wp\/v2\/pages\/165\/revisions"}],"predecessor-version":[{"id":708,"href":"https:\/\/hepro9.iar.unlp.edu.ar\/index.php\/wp-json\/wp\/v2\/pages\/165\/revisions\/708"}],"wp:attachment":[{"href":"https:\/\/hepro9.iar.unlp.edu.ar\/index.php\/wp-json\/wp\/v2\/media?parent=165"}],"curies":[{"name":"wp","href":"https:\/\/api.w.org\/{rel}","templated":true}]}}