{"id":167,"date":"2024-10-03T11:31:59","date_gmt":"2024-10-03T14:31:59","guid":{"rendered":"https:\/\/hepro9.iar.unlp.edu.ar\/?page_id=167"},"modified":"2025-08-04T08:40:40","modified_gmt":"2025-08-04T11:40:40","slug":"participants","status":"publish","type":"page","link":"https:\/\/hepro9.iar.unlp.edu.ar\/index.php\/participants\/","title":{"rendered":"Participants"},"content":{"rendered":"\n<div class=\"wp-block-group alignfull is-layout-constrained wp-block-group-is-layout-constrained\"><div class=\"wp-block-group__inner-container\">\n<div class=\"wp-block-cover alignwide\" style=\"min-height:400px\"><span aria-hidden=\"true\" class=\"wp-block-cover__background has-background-dim-0 has-background-dim\"><\/span><img decoding=\"async\" loading=\"lazy\" width=\"1920\" height=\"1080\" class=\"wp-block-cover__image-background wp-image-352\" alt=\"\" src=\"https:\/\/hepro9.iar.unlp.edu.ar\/wp-content\/uploads\/2024\/10\/tde.png\" data-object-fit=\"cover\" srcset=\"https:\/\/hepro9.iar.unlp.edu.ar\/wp-content\/uploads\/2024\/10\/tde.png 1920w, https:\/\/hepro9.iar.unlp.edu.ar\/wp-content\/uploads\/2024\/10\/tde-300x169.png 300w, https:\/\/hepro9.iar.unlp.edu.ar\/wp-content\/uploads\/2024\/10\/tde-1024x576.png 1024w, https:\/\/hepro9.iar.unlp.edu.ar\/wp-content\/uploads\/2024\/10\/tde-768x432.png 768w, https:\/\/hepro9.iar.unlp.edu.ar\/wp-content\/uploads\/2024\/10\/tde-1536x864.png 1536w, https:\/\/hepro9.iar.unlp.edu.ar\/wp-content\/uploads\/2024\/10\/tde-1568x882.png 1568w\" sizes=\"(max-width: 1920px) 100vw, 1920px\" \/><div class=\"wp-block-cover__inner-container is-layout-flow wp-block-cover-is-layout-flow\">\n<p class=\"has-text-align-center has-large-font-size\"><\/p>\n<\/div><\/div>\n<\/div><\/div>\n\n\n<div class=\"wp-block-image\">\n<figure class=\"alignleft size-large is-resized\"><img decoding=\"async\" loading=\"lazy\" src=\"https:\/\/hepro9.iar.unlp.edu.ar\/wp-content\/uploads\/2024\/10\/participants-1024x1024.png\" alt=\"\" class=\"wp-image-284\" style=\"width:142px;height:142px\" width=\"142\" height=\"142\" srcset=\"https:\/\/hepro9.iar.unlp.edu.ar\/wp-content\/uploads\/2024\/10\/participants-1024x1024.png 1024w, https:\/\/hepro9.iar.unlp.edu.ar\/wp-content\/uploads\/2024\/10\/participants-300x300.png 300w, https:\/\/hepro9.iar.unlp.edu.ar\/wp-content\/uploads\/2024\/10\/participants-150x150.png 150w, https:\/\/hepro9.iar.unlp.edu.ar\/wp-content\/uploads\/2024\/10\/participants-768x768.png 768w, https:\/\/hepro9.iar.unlp.edu.ar\/wp-content\/uploads\/2024\/10\/participants-1536x1536.png 1536w, https:\/\/hepro9.iar.unlp.edu.ar\/wp-content\/uploads\/2024\/10\/participants-2048x2048.png 2048w, https:\/\/hepro9.iar.unlp.edu.ar\/wp-content\/uploads\/2024\/10\/participants-1568x1568.png 1568w\" sizes=\"(max-width: 142px) 100vw, 142px\" \/><\/figure><\/div>\n\n\n<p><\/p>\n\n\n\n<div style=\"height:19px\" aria-hidden=\"true\" class=\"wp-block-spacer\"><\/div>\n\n\n\n<div class=\"wp-block-columns is-layout-flex wp-container-4 wp-block-columns-is-layout-flex\">\n<div class=\"wp-block-column is-layout-flow wp-block-column-is-layout-flow\" style=\"flex-basis:100%\">\n<p><\/p>\n\n\n\n<p><strong>Leandro Abaroa<\/strong>, Instituto Argentino de Radioastronom\u00eda (IAR)<br \/><strong>Pavel Abolmasov<\/strong>, Tel Aviv University<br \/><strong>Zulema Abraham<\/strong>, Astronomy Department, S\u00e3o Paulo University<br \/><strong>Edilberto Aguilar-Ruiz<\/strong>, Instituto de Radioastronom\u00eda y Astrof\u00edsica (UNAM)<br \/><strong>Felix Aharonian<\/strong>, MPIK\/Yerevan State University\/USTC<br \/><strong>Ivan Almeida<\/strong>, Max Planck Institute for Astronomy<br \/><strong>Katsuaki Asano<\/strong>, ICRR (U. Tokyo)<br \/><strong>Rumen Bachev<\/strong>, Institute of Astronomy and NAO, BAS<br \/><strong>Parthraj Bambhaniya<\/strong>, IAG-USP<br \/><strong>Victor Barbosa Martins<\/strong>, Ruhr University Bochum<br \/><strong>Ulisses Barres de Almeida<\/strong>, Centro Brasileiro de Pesquisas F\u00edsicas (CBPF)<br \/><strong>Gislaine Banchetti Cordeiro<\/strong>, Instituto Nacional de Pesquisas Espaciais (INPE)<br \/><strong>Monica Barnard<\/strong>, North-West University<br \/><strong>Claikson Benedito<\/strong>, IAG-USP<br \/><strong>Elisabetta Bissaldi<\/strong>, Politecnico and INFN Bari<br \/><strong>Dmitry Blinov<\/strong>, Institute of Astrophysics \/ FORTH<br \/><strong>Claudia E. Boeris<\/strong>, Instituto Argentino de Radioastronom\u00eda (IAR)<br \/><strong>Markus Boettcher<\/strong>, Centre for Space Research, North-West University, Potchefstroom<br \/><strong>Omer Bromberg<\/strong>, Tel Aviv University<br \/><strong>Ettore Bronzini<\/strong>, University of Bologna &#038; INAF-OAS<br \/><strong>Sara Buson<\/strong>, DESY\/JMU Wurzburg<br \/><strong>Gabriel Cassoli Capellini<\/strong>, Instituto de Astronomia, Geof\u00edsica e Ci\u00eancias Atmosf\u00e9ricas (IAG-USP)<br \/><strong>Massimo Cappi<\/strong>, INAF\/OAS-Bologna<br \/><strong>Silvia Celli<\/strong>, Istituto Nazionale di Fisica Nucleare. Sezione di Roma<br \/><strong>Annalisa Celotti<\/strong>, SISSA<br \/><strong>Luca Comisso<\/strong>, Columbia University<br \/><strong>Paolo Coppi<\/strong>, Yale University<br \/><strong>Agnese Costa<\/strong>, INAF &#8211; OA Torino<br \/><strong>Ludovica Crosato Menegazzi<\/strong>, Max Planck Institute for Gravitational Physics (Albert Einstein Institute)<br \/><strong>Seth Gagnon<\/strong>, The George Washington University<br \/><strong>Ranadeep Ghosh Dastidar<\/strong>, Purdue University<br \/><strong>Anton Dmytriiev<\/strong>, North-West University<br \/><strong>Karan Dogra Aryabhatta<\/strong>, Research Institute of Observational Sciences<br \/><strong>Luna Espinosa<\/strong>, University of S\u00e3o Paulo<br \/><strong>Christopher Everett<\/strong>, University of Oxford<br \/><strong>Diego Falceta-Gon\u00e7alves<\/strong>, Universidade de S\u00e3o Paulo<br \/><strong>Jaqueline de Fatima Masotti<\/strong>, University of S\u00e3o Paulo<br \/><strong>Jo\u00e3o Gabriel Giesbrecht Formiga Paiva<\/strong>, Centro Brasileiro de Pesquisas F\u00edsicas (CBPF)<br \/><strong>Elisabete de Gouveia Dal Pino<\/strong>, Universidade de S\u00e3o Paulo (IAG)<br \/><strong>Raniere de Menezes<\/strong>, CBPF<br \/><strong>Pranab Deka<\/strong>, KU Leuven<br \/><strong>Emma Elley<\/strong>, University of Oxford<br \/><strong>Ga\u00ebtan Fichet de Clairfontaine<\/strong>, Universitat de Val\u00e8ncia<br \/><strong>Ore Gottlieb<\/strong>, Center for Computational Astrophysics, Flatiron Institute<br \/><strong>Marcela Gouv\u00eaa<\/strong>, Brazilian Center for Physics Research (CBPF)<br \/><strong>Paola Grandi<\/strong>, INAF-OAS<br \/><strong>Giovani Heinzen Vicentin<\/strong>, University of S\u00e3o Paulo<br \/><strong>Saqib Hussain<\/strong>, University of Nova Gorica (UNG)<br \/> <strong>Agnieszka Janiuk<\/strong>, Center for Theoretical Physics, PAS<br \/><strong>Konstantinos Kalapotharakos<\/strong>, NASA &#8211; Goddard Space Flight Center<br \/><strong>Bidzina Kapanadze<\/strong>, Abastumani Astrophysical Observatory. Ilia State University<br \/><strong>Kanta Kitajima<\/strong>, Nagoya University<br \/><strong>Ilya Kondratyev<\/strong>, Space Research Institute of Russian Academy of Sciences<br \/><strong>Camila Koshikumo<\/strong>, IAG\/USP<br \/><strong>Grzegorz Kowal<\/strong>, University of S\u00e3o Paulo<br \/><strong>Sandeep Kumar Rout<\/strong>, New York University Abu Dhabi<br \/><strong>Priyesh Kumar Tripathi<\/strong>, Aryabhatta Research Institute of Observational Sciences (ARIES)<br \/><strong>Baptiste Le Nagat Neher<\/strong>, Observatoire de Paris (LUX)<br \/><strong>Ioannis Liodakis<\/strong>, Institute of Astrophysics (FORTH)<br \/><strong>Ericson Lopez<\/strong>, Quito Astronomical Observatory (OAQ)<br \/><strong>Pedro Luque-Escamilla<\/strong>, Universidad de Ja\u00e9n<br \/><strong>Anna Luashvili<\/strong>, North-West University &#8211; Centre for Space Research<br \/><strong>Larissa Magalh\u00e3es<\/strong>, IAG-USP<br \/><strong>Herman Marshall<\/strong>, MIT Kavli Institute<br \/><strong>Josep Mart\u00ed<\/strong>, Universidad de Ja\u00e9n<br \/><strong>Javier Rodrigo Martinez<\/strong>, Instituto Argentino de Radioastronomia (IAR)<br \/><strong>Sheikh Minhajur Rahaman<\/strong>, The Open University of Israel<br \/><strong>Gibran Morales-Rivera<\/strong>, IRyA-UNAM<br \/><strong>Pedro Motta,<\/strong> Universidade de S\u00e3o Paulo<br \/><strong>Kanako Nakama<\/strong>, Tohoku University<br \/><strong>Kaori Obayashi<\/strong>, Aoyama Gakuin University<br \/><strong>Ken Ohsuga<\/strong>, University of Tsukuba<br \/><strong>Ishika Palit<\/strong>, National Tsing Hua University<br \/><strong>Lucas M. Pasquevich<\/strong>, Instituto Argentino de Radioastronomia (IAR)<br \/><strong>Luana Passos Reis<\/strong>, Universidade de S\u00e3o Paulo (USP)<br \/><strong>Willian de Paula<\/strong>, PPGFA. Universidade Tecnol\u00f3gica Federal do Paran\u00e1<br \/><strong>Enrico Peretti<\/strong>, INAF<br \/><strong>Daniela P\u00e9rez<\/strong>, Instituto Argentino de Radioastronom\u00eda (IAR)<br \/><strong>Tamara Petrosillo<\/strong>, Universidad T\u00e9cnica Federico Santa Mar\u00eda<br \/><strong>Marc Rib\u00f3<\/strong>, Universitat de Barcelona<br \/><strong>Luis Rodriguez,<\/strong> Instituto de Radioastronomia y Astrofisica (UNAM)<br \/><strong>Juan Carlos Rodr\u00edguez Ram\u00edrez<\/strong>, Brazilian Centre for Research in Physics (CBPF)<br \/><strong>Gustavo E. Romero<\/strong>, Instituto Argentino de Radioastronom\u00eda (IAR)<br \/><strong>Yuri Sato<\/strong>, Tohoku University<br \/><strong>Saurabh Saurabh<\/strong>, Max Planck Institute for Radio Astronomy <br \/><strong>Gustavo Soares<\/strong>, INAF\/OAB<br \/><strong>Anton Strigachev<\/strong>, Institute of Astronomy and NAO, BAS<br \/><strong>Luzqui\u00f1os Saavedra<\/strong>, Pontificia Universidad Cat\u00f3lica del Per\u00fa<br \/><strong>Ainara Saiz-P\u00e9rez<\/strong>, Julius-Maximilians-Universit\u00e4t W\u00fcrzburg<br \/><strong>Elis Sales<\/strong>, IAG\/USP<br \/><strong>Alberto Sciaccaluga<\/strong>, INAF OA Brera<br \/><strong>Aditya Sharma<\/strong>, Indian Institute of Technology Indore<br \/><strong>Andr\u00e9 Felipe de Siqueira Cardoso<\/strong>, Federal University of Esp\u00edrito Santo<br \/><strong>Anton Strigachev<\/strong>, Institute of Astronomy and NAO, BAS<br \/><strong>Subhashree Swain<\/strong>, Inter-University Centre for Astronomy and Astrophysics (IUCAA)<br \/><strong>Fabrizio Tavecchio<\/strong>, INAF-OABrera<br \/><strong>Yasmmin Tamburus<\/strong>, University of S\u00e3o Paulo<br \/><strong>Shuta Tanaka<\/strong>, Aoyama Gakuin University<br \/><strong>Marcus Valiati<\/strong>, Brazilian Center for Physics Research (CBPF)<br \/><strong>Maria Victoria del Valle<\/strong>, IAG-USP<br \/><strong>Florencia Vieyro<\/strong>, Instituto Argentino de Radioastronom\u00eda (IAR)<br \/><strong>Andrzej Zdziarski N.<\/strong>, Copernicus Astronomical Center<br \/><strong>Min Zha<\/strong>, Institute of High Energy Physics, Chinese Academic Science<br \/><strong>Xing-Fu Zhang<\/strong>, Nanjing university<\/p>\n<\/div>\n<\/div>\n\n\n\n<p class=\"has-text-align-right\" style=\"font-size:14px\">Image credit: Martin Lopez Jr.<\/p>\n","protected":false},"excerpt":{"rendered":"<p>Leandro Abaroa, Instituto Argentino de Radioastronom\u00eda (IAR)Pavel Abolmasov, Tel Aviv UniversityZulema Abraham, Astronomy Department, S\u00e3o Paulo UniversityEdilberto Aguilar-Ruiz, Instituto de Radioastronom\u00eda y Astrof\u00edsica (UNAM)Felix Aharonian, MPIK\/Yerevan State University\/USTCIvan Almeida, Max Planck Institute for AstronomyKatsuaki Asano, ICRR (U. Tokyo)Rumen Bachev, Institute of Astronomy and NAO, BASParthraj Bambhaniya, IAG-USPVictor Barbosa Martins, Ruhr University BochumUlisses Barres de Almeida,&hellip; <a class=\"more-link\" href=\"https:\/\/hepro9.iar.unlp.edu.ar\/index.php\/participants\/\">Segu\u00ed leyendo <span class=\"screen-reader-text\">Participants<\/span><\/a><\/p>\n","protected":false},"author":2,"featured_media":0,"parent":0,"menu_order":0,"comment_status":"closed","ping_status":"closed","template":"","meta":{"footnotes":""},"_links":{"self":[{"href":"https:\/\/hepro9.iar.unlp.edu.ar\/index.php\/wp-json\/wp\/v2\/pages\/167"}],"collection":[{"href":"https:\/\/hepro9.iar.unlp.edu.ar\/index.php\/wp-json\/wp\/v2\/pages"}],"about":[{"href":"https:\/\/hepro9.iar.unlp.edu.ar\/index.php\/wp-json\/wp\/v2\/types\/page"}],"author":[{"embeddable":true,"href":"https:\/\/hepro9.iar.unlp.edu.ar\/index.php\/wp-json\/wp\/v2\/users\/2"}],"replies":[{"embeddable":true,"href":"https:\/\/hepro9.iar.unlp.edu.ar\/index.php\/wp-json\/wp\/v2\/comments?post=167"}],"version-history":[{"count":108,"href":"https:\/\/hepro9.iar.unlp.edu.ar\/index.php\/wp-json\/wp\/v2\/pages\/167\/revisions"}],"predecessor-version":[{"id":767,"href":"https:\/\/hepro9.iar.unlp.edu.ar\/index.php\/wp-json\/wp\/v2\/pages\/167\/revisions\/767"}],"wp:attachment":[{"href":"https:\/\/hepro9.iar.unlp.edu.ar\/index.php\/wp-json\/wp\/v2\/media?parent=167"}],"curies":[{"name":"wp","href":"https:\/\/api.w.org\/{rel}","templated":true}]}}